{"id":6973,"date":"2017-12-17T00:52:48","date_gmt":"2017-12-17T00:52:48","guid":{"rendered":"http:\/\/jacquelineripstein.com\/site\/?page_id=6973"},"modified":"2018-02-24T16:58:44","modified_gmt":"2018-02-24T16:58:44","slug":"querida-hija","status":"publish","type":"page","link":"https:\/\/jacquelineripstein.com\/site\/querida-hija\/","title":{"rendered":"Querida Hija"},"content":{"rendered":"<div class=\"wpb-content-wrapper\"><div class=\"vc_row wpb_row vc_row-fluid\"><div class=\"wpb_column vc_column_container vc_col-sm-12\"><div class=\"vc_column-inner\"><div class=\"wpb_wrapper\"><h3 style=\"text-align: center;font-family:Playfair Display;font-weight:400;font-style:normal\" class=\"vc_custom_heading vc_do_custom_heading\" >Querida Hija<\/h3><div class=\"vc_separator wpb_content_element vc_separator_align_center vc_sep_width_100 vc_sep_pos_align_center vc_separator_no_text vc_sep_color_grey wpb_content_element  wpb_content_element\" ><span class=\"vc_sep_holder vc_sep_holder_l\"><span class=\"vc_sep_line\"><\/span><\/span><span class=\"vc_sep_holder vc_sep_holder_r\"><span class=\"vc_sep_line\"><\/span><\/span>\n<\/div><div class=\"vc_row wpb_row vc_inner vc_row-fluid\"><div class=\"wpb_column vc_column_container vc_col-sm-6\"><div class=\"vc_column-inner\"><div class=\"wpb_wrapper\">\n\t<div class=\"wpb_text_column wpb_content_element\" >\n\t\t<div class=\"wpb_wrapper\">\n\t\t\t<div class=\"testimonial-content\">\n<p style=\"text-align: right;\"><strong><em>Miami, Julio 27 de 1997<\/em><\/strong><\/p>\n<p><strong><em>Querida hija Jacqueline :<\/em><\/strong><\/p>\n<blockquote><p>\n<em>El arte es una forma de expresi\u00f3n del sentimiento humano; la cer\u00e1mica, la poes\u00eda, la m\u00edmica, el canto,\u00a0 y el baile,la pintura, las palabras, son formas ilimitadas,\u00a0 tu lo dices \u201c sin fronteras\u201d, de expresar lo que se siente, personal o impersonal pero en el arte, en que no existe el sonido, palabras , m\u00fasica que en general capturamos con el o\u00eddo, la transmisi\u00f3n tiene que ser mucho mas intensa mas profunda debe salir, como ondas s\u00edsmicas, debe vibrar desde nuestro interior, para expresar, decir , gritar en par\u00e1bolas lo que sacamos desde lo mas hondo de nuestro ser para darlo con\u00a0 amor, para integrarlo a lo que nos rodea, para elevarnos y poderlo lanzar como rocio, como mensajes que nos hagan \u201c vibrar, sentir, llorar, re\u00edr, gozar, superarnos moralmente, sensibilizarnos .\u201d\u2026.<\/em><\/p>\n<p><em>Muchos miles de a\u00f1os atr\u00e1s\u00a0tratamos y empezamos a lograrlo , expresando lo que sent\u00edamos\u00a0a trav\u00e9s\u00a0de la pintura \u201c rupestre \u201c que nos dec\u00eda\u00a0a trav\u00e9s\u00a0de estos artistas todo lo que quer\u00edan\u00a0expresarnos adelant\u00e1ndose\u00a0\u00a0muchos miles de anos a hacernos ver y sentir lo que quer\u00edan\u00a0expresarnos.<\/em><\/p>\n<p><em>Mi querida hija , como veras solo repito lo que tu me has expresado. El arte no tiene fronteras , no esta materializado, no tiene Religion, DIOS\u00a0 nos\u00a0 lo ha dado, es para todos y benditos aquellos que lo pueden expresar en esta forma, para trasmitirnoslo a lo mas interior de nuestro ser dandonos sus mensajes\u00a0 y ojala que siempre fueran de\u00a0\u00a0 Amor Paz, y\u00a0 Felicidad.<\/em><\/p>\n<p><em>Sigue expres\u00e1ndote\u00a0con tu pintura con las varitas m\u00e1gicas\u00a0de tus pinceles y da salida\u00a0 a tus sentimientos\u00a0 Don que DIOS te ha dado y comp\u00e1rtelo\u00a0en esta forma, con los que te rodean<\/em><\/p>\n<p><em>Gracias ,Tu padre que te\u00a0 quiere<\/em>\n<\/p><\/blockquote>\n<p style=\"text-align: right;\"><em><b>Maximiliano<\/b><strong>\u00a0Ripstein<\/strong><\/em><\/p>\n<\/div>\n<div class=\"testimonial-client\">\n<div class=\"testimonial-name\"><\/div>\n<\/div>\n\n\t\t<\/div>\n\t<\/div>\n<\/div><\/div><\/div><div class=\"wpb_column vc_column_container vc_col-sm-6\"><div class=\"vc_column-inner\"><div class=\"wpb_wrapper\">\n\t<div  class=\"wpb_single_image wpb_content_element vc_align_center wpb_content_element\">\n\t\t\n\t\t<figure class=\"wpb_wrapper vc_figure\">\n\t\t\t<div class=\"vc_single_image-wrapper vc_box_shadow_3d  vc_box_border_grey\"><img loading=\"lazy\" decoding=\"async\" width=\"1024\" height=\"683\" src=\"https:\/\/jacquelineripstein.com\/site\/wp-content\/uploads\/2018\/01\/photo-2.jpg\" class=\"vc_single_image-img attachment-full\" alt=\"\" title=\"photo 2\" srcset=\"https:\/\/jacquelineripstein.com\/site\/wp-content\/uploads\/2018\/01\/photo-2.jpg 1024w, https:\/\/jacquelineripstein.com\/site\/wp-content\/uploads\/2018\/01\/photo-2-300x200.jpg 300w, https:\/\/jacquelineripstein.com\/site\/wp-content\/uploads\/2018\/01\/photo-2-768x512.jpg 768w, https:\/\/jacquelineripstein.com\/site\/wp-content\/uploads\/2018\/01\/photo-2-219x146.jpg 219w, https:\/\/jacquelineripstein.com\/site\/wp-content\/uploads\/2018\/01\/photo-2-50x33.jpg 50w, https:\/\/jacquelineripstein.com\/site\/wp-content\/uploads\/2018\/01\/photo-2-112x75.jpg 112w\" sizes=\"auto, (max-width:767px) 700px, (max-width:1024px) 100vw, 1024px\" \/><\/div>\n\t\t<\/figure>\n\t<\/div>\n<\/div><\/div><\/div><\/div><\/div><\/div><\/div><\/div>\n<\/div>","protected":false},"excerpt":{"rendered":"Querida Hija Miami, Julio 27 de 1997 Querida hija Jacqueline : El arte es una forma de expresi\u00f3n del sentimiento humano; la cer\u00e1mica, la poes\u00eda, la<span class=\"excerpt-hellip\"> [\u2026]<\/span>","protected":false},"author":1,"featured_media":0,"parent":0,"menu_order":0,"comment_status":"closed","ping_status":"closed","template":"","meta":{"footnotes":""},"class_list":["post-6973","page","type-page","status-publish","hentry"],"_links":{"self":[{"href":"https:\/\/jacquelineripstein.com\/site\/wp-json\/wp\/v2\/pages\/6973","targetHints":{"allow":["GET"]}}],"collection":[{"href":"https:\/\/jacquelineripstein.com\/site\/wp-json\/wp\/v2\/pages"}],"about":[{"href":"https:\/\/jacquelineripstein.com\/site\/wp-json\/wp\/v2\/types\/page"}],"author":[{"embeddable":true,"href":"https:\/\/jacquelineripstein.com\/site\/wp-json\/wp\/v2\/users\/1"}],"replies":[{"embeddable":true,"href":"https:\/\/jacquelineripstein.com\/site\/wp-json\/wp\/v2\/comments?post=6973"}],"version-history":[{"count":3,"href":"https:\/\/jacquelineripstein.com\/site\/wp-json\/wp\/v2\/pages\/6973\/revisions"}],"predecessor-version":[{"id":7429,"href":"https:\/\/jacquelineripstein.com\/site\/wp-json\/wp\/v2\/pages\/6973\/revisions\/7429"}],"wp:attachment":[{"href":"https:\/\/jacquelineripstein.com\/site\/wp-json\/wp\/v2\/media?parent=6973"}],"curies":[{"name":"wp","href":"https:\/\/api.w.org\/{rel}","templated":true}]}}